{"id":84,"date":"2015-05-25T16:18:44","date_gmt":"2015-05-25T13:18:44","guid":{"rendered":"https:\/\/pyhajarvi-instituutti.fi\/blogi\/?page_id=84"},"modified":"2025-04-30T10:48:48","modified_gmt":"2025-04-30T07:48:48","slug":"yhteystiedot","status":"publish","type":"page","link":"https:\/\/www.pyhajarvi-instituutti.fi\/blogi\/yhteystiedot\/","title":{"rendered":"Yhteystiedot"},"content":{"rendered":"<p>Pyh\u00e4j\u00e4rvi-instituutti<br \/>\nTeollisuustie 4<br \/>\n27510 Eura<\/p>\n<p>Puh. +358 44 034 4054<br \/>\nS\u00e4hk\u00f6posti: toimisto@pji.fi<\/p>\n<p><a href=\"https:\/\/www.pyhajarvi-instituutti.fi\/\" target=\"_blank\" rel=\"noopener\">www.pyhajarvi-instituutti.fi<\/a><br \/>\n<a href=\"http:\/\/www.pyhajarvensuojelu.net\/\" target=\"_blank\" rel=\"noopener\">www.pyhajarvensuojelu.net<\/a><br \/>\n<a href=\"http:\/\/www.jokiohjelma.fi\">www.jokiohjelma.fi<\/a><br \/>\n<a href=\"http:\/\/www.siksesparasta.fi\/\" target=\"_blank\" rel=\"noopener\">www.siksesparasta.fi<\/a><br \/>\n<a href=\"http:\/\/www.ruokasatakunta.fi\" target=\"_blank\" rel=\"noopener\">www.ruokasatakunta.fi<\/a><br \/>\n<a href=\"http:\/\/www.innoagro.fi\" target=\"_blank\" rel=\"noopener\">www.innoagro.fi<\/a><br \/>\n<a href=\"https:\/\/www.facebook.com\/pyhajarviinstituutti\" target=\"_blank\" rel=\"noopener\">www.facebook.com\/pyhajarviinstituutti<\/a><\/p>\n","protected":false},"excerpt":{"rendered":"<p>Pyh\u00e4j\u00e4rvi-instituutti Teollisuustie 4 27510 Eura Puh. +358 44 034 4054 S\u00e4hk\u00f6posti: toimisto@pji.fi www.pyhajarvi-instituutti.fi www.pyhajarvensuojelu.net www.jokiohjelma.fi www.siksesparasta.fi www.ruokasatakunta.fi www.innoagro.fi www.facebook.com\/pyhajarviinstituutti<\/p>\n","protected":false},"author":1,"featured_media":0,"parent":0,"menu_order":0,"comment_status":"closed","ping_status":"closed","template":"","meta":{"footnotes":""},"class_list":["post-84","page","type-page","status-publish","hentry"],"rttpg_featured_image_url":null,"rttpg_author":{"display_name":"pyhajarvi","author_link":"https:\/\/www.pyhajarvi-instituutti.fi\/blogi\/author\/pyhajarvi\/"},"rttpg_comment":0,"rttpg_category":null,"rttpg_excerpt":"Pyh\u00e4j\u00e4rvi-instituutti Teollisuustie 4 27510 Eura Puh. +358 44 034 4054 S\u00e4hk\u00f6posti: toimisto@pji.fi www.pyhajarvi-instituutti.fi www.pyhajarvensuojelu.net www.jokiohjelma.fi www.siksesparasta.fi www.ruokasatakunta.fi www.innoagro.fi www.facebook.com\/pyhajarviinstituutti","post_mailing_queue_ids":[],"_links":{"self":[{"href":"https:\/\/www.pyhajarvi-instituutti.fi\/blogi\/wp-json\/wp\/v2\/pages\/84","targetHints":{"allow":["GET"]}}],"collection":[{"href":"https:\/\/www.pyhajarvi-instituutti.fi\/blogi\/wp-json\/wp\/v2\/pages"}],"about":[{"href":"https:\/\/www.pyhajarvi-instituutti.fi\/blogi\/wp-json\/wp\/v2\/types\/page"}],"author":[{"embeddable":true,"href":"https:\/\/www.pyhajarvi-instituutti.fi\/blogi\/wp-json\/wp\/v2\/users\/1"}],"replies":[{"embeddable":true,"href":"https:\/\/www.pyhajarvi-instituutti.fi\/blogi\/wp-json\/wp\/v2\/comments?post=84"}],"version-history":[{"count":5,"href":"https:\/\/www.pyhajarvi-instituutti.fi\/blogi\/wp-json\/wp\/v2\/pages\/84\/revisions"}],"predecessor-version":[{"id":1497,"href":"https:\/\/www.pyhajarvi-instituutti.fi\/blogi\/wp-json\/wp\/v2\/pages\/84\/revisions\/1497"}],"wp:attachment":[{"href":"https:\/\/www.pyhajarvi-instituutti.fi\/blogi\/wp-json\/wp\/v2\/media?parent=84"}],"curies":[{"name":"wp","href":"https:\/\/api.w.org\/{rel}","templated":true}]}}